{"id":35,"date":"2019-02-28T13:53:20","date_gmt":"2019-02-28T13:53:20","guid":{"rendered":"https:\/\/demo-content.kaliumtheme.com\/bookstore\/?post_type=product&#038;p=35"},"modified":"2021-08-14T16:32:09","modified_gmt":"2021-08-15T00:32:09","slug":"la-gran-tenochtitlan-2","status":"publish","type":"product","link":"https:\/\/catalogomexico500.unam.mx\/contenido\/product\/la-gran-tenochtitlan-2\/","title":{"rendered":"La gran Tenochtitlan"},"content":{"rendered":"","protected":false},"excerpt":{"rendered":"<h4>Hern\u00e1n Cort\u00e9s<\/h4>\n<h5>Presentaci\u00f3n de Ernesto de la Torre Villar<\/h5>\n<h6>Direcci\u00f3n General de Publicaciones y Fomento Editorial<\/h6>\n<h6>Colecci\u00f3n Peque\u00f1os Grandes Ensayos<\/h6>\n<p><\/p>\n<hr>\n<p><\/p>\n<p>En las Cartas de relaci\u00f3n, Hern\u00e1n Cort\u00e9s informaba al emperador Carlos V sobre los descubrimientos en el nuevo continente y los grandes sucesos de la Conquista. Extra\u00eddo de dichas ep\u00edstolas, en el relato La gran Tenochtitlan, Cort\u00e9s describe sus primeras impresiones respecto al encuentro con una de las m\u00e1s destacadas civilizaciones ind\u00edgenas: Tenochtitlan.<\/p>\n<p>Entre otros aspectos repasa el transcurrir de la vida en una ciudad lacustre, la hermosa arquitectura de sus templos y la enorme riqueza natural de los alrededores.<\/p>\n<p>Ernesto de la Torre Villar subraya las virtudes del texto: &#8220;La descripci\u00f3n que nos hace de la gran Tenuxtitlan representa el primer gran retrato de una ciudad maravillosa que conmovi\u00f3 la mente entusiasmada y asombrada de los europeos. Prodigiosa imagen de la ciudad asentada en los lagos, con una majestad y grandeza excepcionales&#8221;.<br \/>\n<\/p>\n<hr>\n<p>\n<strong>ISBN\t<\/strong>9789703208029<br \/>\n<strong>ISBN Electr\u00f3nico<\/strong>\t9789703208029<br \/>\n<strong>Formato<\/strong>\tEPUB<br \/>\n<strong>Temas\t<\/strong><br \/>\nConquista, Hern\u00e1n Cort\u00e9s<br \/>\n<\/p>\n<hr>\n<p><\/p>\n<p>[lab_button title=&#8221;$97.00 Impreso | Comprar&#8221; type=&#8221;outlined-bg&#8221; link=&#8221;url:http%3A%2F%2Fwww.libros.unam.mx%2Fla-gran-tenochtitlan-9789703208029-libro.html|target:_blank&#8221; css=&#8221;.vc_custom_1607259292472{background-color: rgba(0,0,0,0.01) !important;*background-color: rgb(0,0,0) !important;}&#8221;]<\/p>\n<p>[lab_button title=&#8221;$39.00 Electr\u00f3nico | Comprar&#8221; type=&#8221;outlined-bg&#8221; link=&#8221;url:http%3A%2F%2Fwww.libros.unam.mx%2Fla-gran-tenochtitlan-9786070236891-ebook.html|target:_blank&#8221; css=&#8221;.vc_custom_1607259292472{background-color: rgba(0,0,0,0.01) !important;*background-color: rgb(0,0,0) !important;}&#8221;]<\/p>\n","protected":false},"featured_media":2181,"template":"","meta":[],"product_cat":[181,183,180,179,185,216],"product_tag":[355],"_links":{"self":[{"href":"https:\/\/catalogomexico500.unam.mx\/contenido\/wp-json\/wp\/v2\/product\/35"}],"collection":[{"href":"https:\/\/catalogomexico500.unam.mx\/contenido\/wp-json\/wp\/v2\/product"}],"about":[{"href":"https:\/\/catalogomexico500.unam.mx\/contenido\/wp-json\/wp\/v2\/types\/product"}],"wp:featuredmedia":[{"embeddable":true,"href":"https:\/\/catalogomexico500.unam.mx\/contenido\/wp-json\/wp\/v2\/media\/2181"}],"wp:attachment":[{"href":"https:\/\/catalogomexico500.unam.mx\/contenido\/wp-json\/wp\/v2\/media?parent=35"}],"wp:term":[{"taxonomy":"product_cat","embeddable":true,"href":"https:\/\/catalogomexico500.unam.mx\/contenido\/wp-json\/wp\/v2\/product_cat?post=35"},{"taxonomy":"product_tag","embeddable":true,"href":"https:\/\/catalogomexico500.unam.mx\/contenido\/wp-json\/wp\/v2\/product_tag?post=35"}],"curies":[{"name":"wp","href":"https:\/\/api.w.org\/{rel}","templated":true}]}}