{"id":2797,"date":"2021-12-12T08:55:21","date_gmt":"2021-12-12T16:55:21","guid":{"rendered":"http:\/\/catalogomexico500.unam.mx\/contenido\/?post_type=product&#038;p=2797"},"modified":"2021-12-12T09:29:23","modified_gmt":"2021-12-12T17:29:23","slug":"antonio-valeriano-gobernante-y-sabio-nahua-del-siglo-xvi","status":"publish","type":"product","link":"https:\/\/catalogomexico500.unam.mx\/contenido\/product\/antonio-valeriano-gobernante-y-sabio-nahua-del-siglo-xvi\/","title":{"rendered":"Antonio Valeriano, gobernante y sabio nahua del siglo XVI"},"content":{"rendered":"","protected":false},"excerpt":{"rendered":"<h4>Berenice Alc\u00e1ntara Rojas<\/h4>\n<h5>Material de Lectura<\/h5>\n<h6>Direcci\u00f3n General de Publicaciones y Fomento Editorial<\/h6>\n<hr \/>\n<p><!--**** Rese\u00f1a ******--><br \/>\nAntonio Valeriano lleg\u00f3 a convertirse en uno de los intelectuales y pol\u00edticos nahuas m\u00e1s influyentes de su \u00e9poca. Se desempe\u00f1\u00f3 como maestro de lat\u00edn y de n\u00e1huatl, fue alumno, catedr\u00e1tico y rector en el Colegio de la Santa Cruz de Tlatelolco y ocup\u00f3 puestos de gobierno. Colabor\u00f3 en el proyecto encabezado por Sahag\u00fan y dej\u00f3 su impronta en muchas obras. El estudio de su vida permite adentrarse en el siglo XVI y observar los paulatinos y profundos cambios que \u00e9ste trajo a los pueblos ind\u00edgenas.<\/p>\n<hr \/>\n<p>&nbsp;<\/p>\n<p>2021 <!--**** A\u00f1o, edici\u00f3n y reimpresi\u00f3n: ******--><br \/>\n<strong>ISBN<\/strong>\t9786073051576<br \/>\n<strong>Formato <\/strong>Impreso <!--**** Formato Electr\u00f3nico ******--><br \/>\n<strong>Temas <\/strong> <!--**** Temas ******--><br \/>\nAntonio Valeriano, Azcapotzalco, Tenochtitlan, maestro, Colegio de la Santa Cruz de Tlatelolco, Bernardino de Sahag\u00fan, cronistas ind\u00edgenas, Hernando Alvarado Tezoz\u00f3moc, Juan de Zum\u00e1rraga, Pedro de Gante<\/p>\n<hr \/>\n<p>[lab_button title=&#8221;$40.00 | Impreso&#8221; type=&#8221;outlined-bg&#8221; link=&#8221;url:http%3A%2F%2Fwww.libros.unam.mx%2Fantonio-valeriano-gobernante-y-sabio-nahua-del-siglo-xvi-material-de-lectura-9786073051576-libro.html|target:_blank&#8221; css=&#8221;.vc_custom_1607259292472{background-color: rgba(0,0,0,0.01) !important;*background-color: rgb(0,0,0) !important;}&#8221;]<\/p>\n","protected":false},"featured_media":2749,"template":"","meta":[],"product_cat":[181,183,179,185,216,188],"product_tag":[],"_links":{"self":[{"href":"https:\/\/catalogomexico500.unam.mx\/contenido\/wp-json\/wp\/v2\/product\/2797"}],"collection":[{"href":"https:\/\/catalogomexico500.unam.mx\/contenido\/wp-json\/wp\/v2\/product"}],"about":[{"href":"https:\/\/catalogomexico500.unam.mx\/contenido\/wp-json\/wp\/v2\/types\/product"}],"wp:featuredmedia":[{"embeddable":true,"href":"https:\/\/catalogomexico500.unam.mx\/contenido\/wp-json\/wp\/v2\/media\/2749"}],"wp:attachment":[{"href":"https:\/\/catalogomexico500.unam.mx\/contenido\/wp-json\/wp\/v2\/media?parent=2797"}],"wp:term":[{"taxonomy":"product_cat","embeddable":true,"href":"https:\/\/catalogomexico500.unam.mx\/contenido\/wp-json\/wp\/v2\/product_cat?post=2797"},{"taxonomy":"product_tag","embeddable":true,"href":"https:\/\/catalogomexico500.unam.mx\/contenido\/wp-json\/wp\/v2\/product_tag?post=2797"}],"curies":[{"name":"wp","href":"https:\/\/api.w.org\/{rel}","templated":true}]}}