{"id":2663,"date":"2021-08-12T17:51:53","date_gmt":"2021-08-13T01:51:53","guid":{"rendered":"http:\/\/catalogomexico500.unam.mx\/contenido\/?post_type=product&#038;p=2663"},"modified":"2021-08-12T18:19:05","modified_gmt":"2021-08-13T02:19:05","slug":"1521-la-conquista-de-mexico-en-el-arte","status":"publish","type":"product","link":"https:\/\/catalogomexico500.unam.mx\/contenido\/product\/1521-la-conquista-de-mexico-en-el-arte\/","title":{"rendered":"1521. La conquista de M\u00e9xico en el arte"},"content":{"rendered":"","protected":false},"excerpt":{"rendered":"<h4>Alejandro Salafranca V\u00e1zquez (coordinador)<\/h4>\n<h6>Centro de Ense\u00f1anza para Extranjeros \/ El Equilibrista<\/h6>\n<p><\/p>\n<hr>\n<p>\nSe aprecia y se agradece en estas p\u00e1ginas la frescura de las miradas de los pueblos originarios en los siglos virreinales, de los novohispanos, de la corte madrile\u00f1a, de sus adversarios en Europa y Am\u00e9rica del Norte; y, una vez convertida Nueva Espa\u00f1a en M\u00e9xico, de la mirada conflictuada y contradictoria de la nueva naci\u00f3n mexicana hacia aquella guerra, a la vez devastadora y creadora. El Porfiriato, la Revoluci\u00f3n Mexicana, el vasconcelismo, el muralismo, el aporte de los exiliados republicanos espa\u00f1oles y el torbellino creativo del arte contempor\u00e1neo mexicano cierran un pedag\u00f3gico y pol\u00e9mico desfile de reflexiones en torno a lo que consideramos el origen del M\u00e9xico contempor\u00e1neo. Sin duda, 1521. La Conquista de M\u00e9xico en el Arte nutre e inspira a la comunidad de historiadores a contribuir al saludable intercambio de ideas sobre el ser y el devenir de nuestro M\u00e9xico.<br \/>\n<\/p>\n<hr>\n<p>\n1\u00aa ed. 2020, 208 pp.<br \/>\n<strong>ISBN<\/strong>\t9786073037372<br \/>\n<strong>Formato<\/strong>\tImpreso<br \/>\n<strong>Temas<\/strong>\tarte, exilio, Mesoam\u00e9rica, Tenochtitlan, Tlatelolco<\/p>\n<p><\/p>\n<hr>\n<p>\n[lab_button title=&#8221;$1,980.00 | Impreso&#8221; type=&#8221;outlined-bg&#8221; link=&#8221;url:http%3A%2F%2Fwww.libros.unam.mx%2F1521-la-conquista-de-mexico-en-el-arte-9786073037372-libro.html|target:_blank&#8221; css=&#8221;.vc_custom_1607259292472{background-color: rgba(0,0,0,0.01) !important;*background-color: rgb(0,0,0) !important;}&#8221;]<\/p>\n","protected":false},"featured_media":2664,"template":"","meta":[],"product_cat":[181,183,179,185,216],"product_tag":[355],"_links":{"self":[{"href":"https:\/\/catalogomexico500.unam.mx\/contenido\/wp-json\/wp\/v2\/product\/2663"}],"collection":[{"href":"https:\/\/catalogomexico500.unam.mx\/contenido\/wp-json\/wp\/v2\/product"}],"about":[{"href":"https:\/\/catalogomexico500.unam.mx\/contenido\/wp-json\/wp\/v2\/types\/product"}],"wp:featuredmedia":[{"embeddable":true,"href":"https:\/\/catalogomexico500.unam.mx\/contenido\/wp-json\/wp\/v2\/media\/2664"}],"wp:attachment":[{"href":"https:\/\/catalogomexico500.unam.mx\/contenido\/wp-json\/wp\/v2\/media?parent=2663"}],"wp:term":[{"taxonomy":"product_cat","embeddable":true,"href":"https:\/\/catalogomexico500.unam.mx\/contenido\/wp-json\/wp\/v2\/product_cat?post=2663"},{"taxonomy":"product_tag","embeddable":true,"href":"https:\/\/catalogomexico500.unam.mx\/contenido\/wp-json\/wp\/v2\/product_tag?post=2663"}],"curies":[{"name":"wp","href":"https:\/\/api.w.org\/{rel}","templated":true}]}}