{"id":2651,"date":"2021-08-12T16:33:32","date_gmt":"2021-08-13T00:33:32","guid":{"rendered":"http:\/\/catalogomexico500.unam.mx\/contenido\/?post_type=product&#038;p=2651"},"modified":"2021-08-12T18:06:20","modified_gmt":"2021-08-13T02:06:20","slug":"actas-del-congreso-constituyente-de-coahuila-y-texas-de-1824-a-1827-primera-constitucion-bilingue-volumen-i","status":"publish","type":"product","link":"https:\/\/catalogomexico500.unam.mx\/contenido\/product\/actas-del-congreso-constituyente-de-coahuila-y-texas-de-1824-a-1827-primera-constitucion-bilingue-volumen-i\/","title":{"rendered":"Actas del congreso constituyente de Coahuila y Texas de 1824 a 1827. Primera constituci\u00f3n biling\u00fce, volumen I"},"content":{"rendered":"","protected":false},"excerpt":{"rendered":"<h4>Manuel Gonz\u00e1lez Oropeza y Jes\u00fas E. de la Teja (coordinadores)<\/h4>\n<h6>Instituto de Investigaciones Jur\u00eddicas \/ Tribunal Electoral del Poder Judicial de la Federaci\u00f3n<\/h6>\n<p><\/p>\n<hr>\n<p><\/p>\n<p>Esta espl\u00e9ndida edici\u00f3n biling\u00fce de las actas del congreso constituyente preserva y difunde, y adem\u00e1s posibilita a los investigadores y al p\u00fablico en general, conocer la historia constitucional, legislativa, electoral, colonizadora y de la vida cotidiana del noreste del pa\u00eds en sus primeros a\u00f1os de vida independiente. Tambi\u00e9n permitir\u00e1, en gran medida, apreciar los problemas primigenios que m\u00e1s tarde llevaron a la p\u00e9rdida da de los enormes territorios de Texas, Nuevo M\u00e9xico y California no tanto por motivos de guerra, sino por falta previsiones, al no vigilar la cabal aplicaci\u00f3n de las leyes federales de colonizaci\u00f3n. Un grave problema para el pa\u00eds, desde estas \u00e9pocas de su nacimiento, ha sido no advertir que cada regi\u00f3n es diferente y que los problemas no son iguales en todo M\u00e9xico.<br \/>\n<\/p>\n<hr>\n<p><\/p>\n<p>1\u00aa ed. Electr\u00f3nica 2018 <!--**** A\u00f1o, edici\u00f3n y reimpresi\u00f3n: ******--><br \/>\n<!--<strong>ISBN<\/strong>\ttexto **** ISBN impreso  ******--><br \/>\n<strong>ISBN <\/strong> 9786077083320 <!--**** ISBN electr\u00f3nico ******--><br \/>\n<strong>Formato <\/strong>PDF <!--**** Formato Electr\u00f3nico ******--><\/p>\n<p><strong>Temas <\/strong><!--**** Temas ******--> Texas, Coahuila, Nuevo Le\u00f3n, Tamaulipas, Provincias Internas de Oriente, Constituci\u00f3n, colonizaci\u00f3n, California, Nuevo M\u00e9xico, Estados Unidos de Am\u00e9rica.<br \/>\n<\/p>\n<hr>\n<p><\/p>\n<p>[lab_button title=&#8221;DESCARGA | OPEN ACCESS&#8221; type=&#8221;outlined-bg&#8221; link=&#8221;url:https%3A%2F%2Fbiblio.juridicas.unam.mx%2Fbjv%2Fdetalle-libro%2F5114-actas-del-congreso-constituyente-de-coahuila-y-texas-de-1824-a-1827-primera-constitucion-bilinguee-volumen-i-coleccion-tepjf |target:_blank&#8221; css=&#8221;.vc_custom_1607259292472{background-color: rgba(0,0,0,0.01) !important;*background-color: rgb(0,0,0) !important;}&#8221;]<\/p>\n","protected":false},"featured_media":2652,"template":"","meta":[],"product_cat":[182,184,185,516],"product_tag":[355],"_links":{"self":[{"href":"https:\/\/catalogomexico500.unam.mx\/contenido\/wp-json\/wp\/v2\/product\/2651"}],"collection":[{"href":"https:\/\/catalogomexico500.unam.mx\/contenido\/wp-json\/wp\/v2\/product"}],"about":[{"href":"https:\/\/catalogomexico500.unam.mx\/contenido\/wp-json\/wp\/v2\/types\/product"}],"wp:featuredmedia":[{"embeddable":true,"href":"https:\/\/catalogomexico500.unam.mx\/contenido\/wp-json\/wp\/v2\/media\/2652"}],"wp:attachment":[{"href":"https:\/\/catalogomexico500.unam.mx\/contenido\/wp-json\/wp\/v2\/media?parent=2651"}],"wp:term":[{"taxonomy":"product_cat","embeddable":true,"href":"https:\/\/catalogomexico500.unam.mx\/contenido\/wp-json\/wp\/v2\/product_cat?post=2651"},{"taxonomy":"product_tag","embeddable":true,"href":"https:\/\/catalogomexico500.unam.mx\/contenido\/wp-json\/wp\/v2\/product_tag?post=2651"}],"curies":[{"name":"wp","href":"https:\/\/api.w.org\/{rel}","templated":true}]}}