{"id":2253,"date":"2021-07-25T04:41:36","date_gmt":"2021-07-25T04:41:36","guid":{"rendered":"http:\/\/catalogomexico500.unam.mx\/contenido\/?post_type=product&#038;p=2253"},"modified":"2021-08-14T16:23:26","modified_gmt":"2021-08-15T00:23:26","slug":"bernardino-de-sahagun-pionero-de-la-antropologia","status":"publish","type":"product","link":"https:\/\/catalogomexico500.unam.mx\/contenido\/product\/bernardino-de-sahagun-pionero-de-la-antropologia\/","title":{"rendered":"Bernardino de Sahag\u00fan. Pionero de la antropolog\u00eda"},"content":{"rendered":"","protected":false},"excerpt":{"rendered":"<h4>Miguel Le\u00f3n-Portilla<\/h4>\n<p> <!--****  autor ******--><br \/>\n<!--\n\n<h5>texto<\/h5>\n\n ****  Presentaci\u00f3n ******--><\/p>\n<h6>Instituto de Investigaciones Hist\u00f3ricas \/ El Colegio Nacional <\/h6>\n<p> <!--****  Entidad o dependencia editora ******--><\/p>\n<h6>Colecci\u00f3n de Cultura N\u00e1huatl. Monograf\u00edas (24)<\/h6>\n<p> <!--**** Referencia (Colecci\u00f3n, Nombre de la Revista, a\u00f1o, vol, n\u00famero)  ******--><\/p>\n<hr \/>\n<p> <!--**** Rese\u00f1a  ******--><br \/>\nContempor\u00e1neo de Carlos V y Felipe II, Bernardino de Sahag\u00fan vivi\u00f3 cerca de 91 a\u00f1os, de 1499 a 1590, el primer tercio de ellos en Espa\u00f1a y m\u00e1s de sesenta en M\u00e9xico. Fraile franciscano, su misi\u00f3n fue trabajar entre los nahuas buscando su conversi\u00f3n al cristianismo. Persuadido de que, sin un conocimiento profundo de su lengua y cultura, no era posible lograr su objetivo, dise\u00f1\u00f3 y puso en pr\u00e1ctica un m\u00e9todo de investigaci\u00f3n que abarc\u00f3 &#8220;las cosas naturales, humanas y divinas&#8221; en el universo de los pueblos nahuas. Por su metodolog\u00eda y cuanto alcanz\u00f3 a reunir y dio a conocer en su magna Historia general de las cosas de Nueva Espa\u00f1a, en n\u00e1huatl y en castellano, hoy se le reconoce como pionero de la antropolog\u00eda. El presente libro recrea lo m\u00e1s sobresaliente en la vida de Sahag\u00fan, poniendo especial \u00e9nfasis en lo que fue su magna aportaci\u00f3n.<br \/>\n<\/p>\n<hr>\n<p><\/p>\n<p> 1\u00aa ed. electr\u00f3nica  2018, 305 pp. <!--****  A\u00f1o, edici\u00f3n y reimpresi\u00f3n: ******--><br \/>\n<!--<strong>ISBN<\/strong>\ttexto **** ISBN impreso  ******--><br \/>\n<strong>ISBN Electr\u00f3nico<\/strong> 9683670644 <!--**** ISBN electr\u00f3nico  ******--><br \/>\n<strong>Formato\t<\/strong>PDF <!--****  Formato Electr\u00f3nico ******--><br \/>\n<strong>Temas\t<\/strong> <!--****  Temas ******--><br \/>\nBernardino de Sahag\u00fan, franciscanos, Colegio de Santa Cruz de Tlatelolco, Hujotzingo, Tepepulco, C\u00f3dice Florentino, Garc\u00eda Icazbalceta, antropolog\u00eda<br \/>\n<\/p>\n<hr>\n<p><\/p>\n<p>[lab_button title=&#8221;DESCARGA | OPEN ACCESS&#8221; type=&#8221;outlined-bg&#8221; link=&#8221;url:http%3A%2F%2Fwww.historicas.unam.mx%2Fpublicaciones%2Fpublicadigital%2Flibros%2Fsahagun_pionero%2F363.html   |target:_blank&#8221; css=&#8221;.vc_custom_1607259292472{background-color: rgba(0,0,0,0.01) !important;*background-color: rgb(0,0,0) !important;}&#8221;]<\/p>\n<p><!--[lab_button title=\"$39.00 | Digital\" type=\"outlined-bg\" link=\"url:http%3A%2F%2Fwww.libros.unam.mx%2Fmemorias-escritas-desde-liorna-9786070242618-ebook.html |target:_blank\" css=\".vc_custom_1607259292472{background-color: rgba(0,0,0,0.01) !important;*background-color: rgb(0,0,0) !important;}\"]--><\/p>\n","protected":false},"featured_media":2536,"template":"","meta":[],"product_cat":[181,180,184,185,218,516],"product_tag":[355],"_links":{"self":[{"href":"https:\/\/catalogomexico500.unam.mx\/contenido\/wp-json\/wp\/v2\/product\/2253"}],"collection":[{"href":"https:\/\/catalogomexico500.unam.mx\/contenido\/wp-json\/wp\/v2\/product"}],"about":[{"href":"https:\/\/catalogomexico500.unam.mx\/contenido\/wp-json\/wp\/v2\/types\/product"}],"wp:featuredmedia":[{"embeddable":true,"href":"https:\/\/catalogomexico500.unam.mx\/contenido\/wp-json\/wp\/v2\/media\/2536"}],"wp:attachment":[{"href":"https:\/\/catalogomexico500.unam.mx\/contenido\/wp-json\/wp\/v2\/media?parent=2253"}],"wp:term":[{"taxonomy":"product_cat","embeddable":true,"href":"https:\/\/catalogomexico500.unam.mx\/contenido\/wp-json\/wp\/v2\/product_cat?post=2253"},{"taxonomy":"product_tag","embeddable":true,"href":"https:\/\/catalogomexico500.unam.mx\/contenido\/wp-json\/wp\/v2\/product_tag?post=2253"}],"curies":[{"name":"wp","href":"https:\/\/api.w.org\/{rel}","templated":true}]}}