{"id":2187,"date":"2021-07-11T05:02:41","date_gmt":"2021-07-11T05:02:41","guid":{"rendered":"http:\/\/catalogomexico500.unam.mx\/contenido\/?post_type=product&#038;p=2187"},"modified":"2021-08-08T20:15:58","modified_gmt":"2021-08-09T04:15:58","slug":"la-independencia-en-el-septentrion-de-la-nueva-espana-provincias-internas-e-intendencias-nortenas","status":"publish","type":"product","link":"https:\/\/catalogomexico500.unam.mx\/contenido\/product\/la-independencia-en-el-septentrion-de-la-nueva-espana-provincias-internas-e-intendencias-nortenas\/","title":{"rendered":"La Independencia en el septentri\u00f3n de la Nueva Espa\u00f1a. Provincias internas e intendencias norte\u00f1as"},"content":{"rendered":"","protected":false},"excerpt":{"rendered":"<h4>Ana Carolina Ibarra (coordinadora)<\/h4>\n<h6>Instituto de Investigaciones Hist\u00f3ricas<\/h6>\n<h6>Serie Historia Moderna y Contempor\u00e1nea<\/h6>\n<p><\/p>\n<hr>\n<p>\nLa independencia en el septentri\u00f3n de la Nueva Espa\u00f1a es una obra colectiva que incursiona en los procesos que tuvieron lugar en el norte de M\u00e9xico despu\u00e9s de la crisis de 1808 y m\u00e1s all\u00e1 de la consumaci\u00f3n de la Independencia en 1821. Busca ofrecer elementos para explicar de manera m\u00e1s rica algunos procesos que confluyeron en la formaci\u00f3n de la naci\u00f3n mexicana y, a diferencia de obras dedicadas el estudio exclusivo de la insurgencia, se ocupa de estudiar otros aspectos como el impacto de los acontecimientos en los espacios regionales y locales y los procesos de representaci\u00f3n: juntas, diputaciones, ayuntamientos, la participaci\u00f3n de las elites, la militarizaci\u00f3n y la formaci\u00f3n de liderazgos. A trav\u00e9s de esta docena de ensayos es posible advertir procesos muy variados y ampliar un horizonte, no s\u00f3lo geogr\u00e1fico sino tambi\u00e9n anal\u00edtico.<br \/>\n<\/p>\n<hr>\n<p>\t<br \/>\n1\u00aa ed. 2019, 424 pp.<br \/>\n<strong>Formato\t<\/strong>Impreso<br \/>\n<strong>ISBN <\/strong>9786070215865<br \/>\n<strong>Temas<\/strong><br \/>\nSeptentri\u00f3n, Durango, Zacatecas, Florida, Frontera, San Luis Potos\u00ed, Aguascalientes, Provincias Internas de Oriente, Provincias Internas de Occidente<br \/>\n<\/p>\n<hr>\n<p><\/p>\n<p>[lab_button title=&#8221;$196.00 | Impreso&#8221; type=&#8221;outlined-bg&#8221; link=&#8221;url:http%3A%2F%2Fwww.libros.unam.mx%2Fla-independencia-en-el-septentrion-de-la-nueva-espana-provincias-internas-e-intendencias-nortenas-9786070215865-libro.html|target:_blank&#8221; css=&#8221;.vc_custom_1607259292472{background-color: rgba(0,0,0,0.01) !important;*background-color: rgb(0,0,0) !important;}&#8221;]<\/p>\n","protected":false},"featured_media":2549,"template":"","meta":[],"product_cat":[182,183,179,185],"product_tag":[],"_links":{"self":[{"href":"https:\/\/catalogomexico500.unam.mx\/contenido\/wp-json\/wp\/v2\/product\/2187"}],"collection":[{"href":"https:\/\/catalogomexico500.unam.mx\/contenido\/wp-json\/wp\/v2\/product"}],"about":[{"href":"https:\/\/catalogomexico500.unam.mx\/contenido\/wp-json\/wp\/v2\/types\/product"}],"wp:featuredmedia":[{"embeddable":true,"href":"https:\/\/catalogomexico500.unam.mx\/contenido\/wp-json\/wp\/v2\/media\/2549"}],"wp:attachment":[{"href":"https:\/\/catalogomexico500.unam.mx\/contenido\/wp-json\/wp\/v2\/media?parent=2187"}],"wp:term":[{"taxonomy":"product_cat","embeddable":true,"href":"https:\/\/catalogomexico500.unam.mx\/contenido\/wp-json\/wp\/v2\/product_cat?post=2187"},{"taxonomy":"product_tag","embeddable":true,"href":"https:\/\/catalogomexico500.unam.mx\/contenido\/wp-json\/wp\/v2\/product_tag?post=2187"}],"curies":[{"name":"wp","href":"https:\/\/api.w.org\/{rel}","templated":true}]}}