{"id":2178,"date":"2021-07-01T12:59:50","date_gmt":"2021-07-01T12:59:50","guid":{"rendered":"http:\/\/catalogomexico500.unam.mx\/contenido\/?post_type=product&#038;p=2178"},"modified":"2021-08-14T16:36:27","modified_gmt":"2021-08-15T00:36:27","slug":"memorias-escritas-desde-liorna","status":"publish","type":"product","link":"https:\/\/catalogomexico500.unam.mx\/contenido\/product\/memorias-escritas-desde-liorna\/","title":{"rendered":"Memorias escritas desde Liorna"},"content":{"rendered":"","protected":false},"excerpt":{"rendered":"<h4>Agust\u00edn de Iturbide<\/h4>\n<h5>Presentaci\u00f3n de Camilo Ayala Ochoa<\/h5>\n<h6>Direcci\u00f3n General de Publicaciones y Fomento Editorial<\/h6>\n<h6>Colecci\u00f3n Peque\u00f1os Grandes Ensayos<\/h6>\n<hr \/>\n<p>Los pliegos que aqu\u00ed se presentan fueron escritos por Agust\u00edn de Iturbide en su exilio europeo en la ciudad italiana de Liorna o Livorno, en la Toscana, y que dur\u00f3 s\u00f3lo un par de a\u00f1os. Son la evocaci\u00f3n y el alegato que ubican la conducta pol\u00edtica de un hombre de amplia perspectiva. Desde una encrucijada incierta, Iturbide mand\u00f3 este op\u00fasculo en el interior de una botella encorchada al oc\u00e9ano de la historia. Contin\u00faa indeleble, pero a la deriva pues no ha recibido la debida valoraci\u00f3n de los historiadores. A trav\u00e9s de las p\u00e1ginas, Iturbide se muestra con la sinceridad de la desolaci\u00f3n y el ensimismamiento. En estas memorias, en sus constantes apostillas o en la nota final, se advierte una pluma acostumbrada al an\u00e1lisis deductivo y a la locuci\u00f3n directa. Es el testamento vivencial de uno de los consumadores de la Independencia de M\u00e9xico.<br \/>\n<\/p>\n<hr>\n<p><\/p>\n<p>2\u00aa reimp. de la 1\u00aa ed., 2021, 139 pp.<br \/>\n<strong>ISBN<\/strong>\t9789703247691<br \/>\n<strong>ISBN Electr\u00f3nico<\/strong> 9786070242618<br \/>\n<strong>Formato\t<\/strong>EPUB<\/p>\n<p><strong>Temas<\/strong><br \/>\nAgust\u00edn de Iturbide, destierro, fusilamiento, Tamaulipas, Plan de Iguala, Ej\u00e9rcito Trigarante, Regencia, Congreso Constituyente<br \/>\n<\/p>\n<hr>\n<p><\/p>\n<p>[lab_button title=&#8221;$97.00 | Impreso&#8221; type=&#8221;outlined-bg&#8221; link=&#8221;url:http%3A%2F%2Fwww.libros.unam.mx%2Fmemorias-escritas-desde-liorna-9789703247691-libro.html |target:_blank&#8221; css=&#8221;.vc_custom_1607259292472{background-color: rgba(0,0,0,0.01) !important;*background-color: rgb(0,0,0) !important;}&#8221;]<\/p>\n<p>[lab_button title=&#8221;$39.00 | Digital&#8221; type=&#8221;outlined-bg&#8221; link=&#8221;url:http%3A%2F%2Fwww.libros.unam.mx%2Fmemorias-escritas-desde-liorna-9786070242618-ebook.html |target:_blank&#8221; css=&#8221;.vc_custom_1607259292472{background-color: rgba(0,0,0,0.01) !important;*background-color: rgb(0,0,0) !important;}&#8221;]<\/p>\n","protected":false},"featured_media":2501,"template":"","meta":[],"product_cat":[182,183,180,179,185,216],"product_tag":[355],"_links":{"self":[{"href":"https:\/\/catalogomexico500.unam.mx\/contenido\/wp-json\/wp\/v2\/product\/2178"}],"collection":[{"href":"https:\/\/catalogomexico500.unam.mx\/contenido\/wp-json\/wp\/v2\/product"}],"about":[{"href":"https:\/\/catalogomexico500.unam.mx\/contenido\/wp-json\/wp\/v2\/types\/product"}],"wp:featuredmedia":[{"embeddable":true,"href":"https:\/\/catalogomexico500.unam.mx\/contenido\/wp-json\/wp\/v2\/media\/2501"}],"wp:attachment":[{"href":"https:\/\/catalogomexico500.unam.mx\/contenido\/wp-json\/wp\/v2\/media?parent=2178"}],"wp:term":[{"taxonomy":"product_cat","embeddable":true,"href":"https:\/\/catalogomexico500.unam.mx\/contenido\/wp-json\/wp\/v2\/product_cat?post=2178"},{"taxonomy":"product_tag","embeddable":true,"href":"https:\/\/catalogomexico500.unam.mx\/contenido\/wp-json\/wp\/v2\/product_tag?post=2178"}],"curies":[{"name":"wp","href":"https:\/\/api.w.org\/{rel}","templated":true}]}}